{"id":1135,"date":"2023-02-20T22:11:28","date_gmt":"2023-02-20T22:11:28","guid":{"rendered":"http:\/\/bridgetoargentina.com\/este-dia-en-la-historia\/"},"modified":"2023-06-09T18:39:35","modified_gmt":"2023-06-09T18:39:35","slug":"este-dia-en-la-historia","status":"publish","type":"page","link":"https:\/\/bridgetoargentina.com\/es\/este-dia-en-la-historia\/","title":{"rendered":"Este d\u00eda en la Historia"},"content":{"rendered":"\n<div class=\"wp-block-group alignfull has-base-color has-primary-background-color has-text-color has-background has-global-padding is-layout-constrained wp-container-core-group-is-layout-f998a8b1 wp-block-group-is-layout-constrained\" style=\"padding-top:var(--wp--preset--spacing--60);padding-bottom:var(--wp--preset--spacing--60);padding-left:var(--wp--preset--spacing--30)\">\n<h2 class=\"wp-block-heading\">Este d\u00eda en la Historia<\/h2>\n<\/div>\n\n\n\n<div class=\"wp-block-group alignwide has-global-padding is-layout-constrained wp-container-core-group-is-layout-12243e0f wp-block-group-is-layout-constrained\"><div class=\"blobs-archive-dayhistory\"><div class=\"tarjeta\"><div class=\"tarjeta-foto\"><img src=https:\/\/bridgetoargentina.com\/wp-content\/uploads\/2023\/02\/Manifestacion-de-la-victoria-Grande.jpeg><\/div><div class=\"tarjeta-texto\"><h5 class=\"mes-idioma\">November \/ 16<\/h5><h3>El fin de la Primera Guerra Mundial en Buenos Aires: grandes festejos y profundas decepciones<\/h3><p>de Juan Morello \/ Un aumento de predicciones sobre el fin de la Primera Guerra Mundial a finales de 1918 sac\u00f3 a relucir divisiones internas dentro de la comunidad de inmigrantes europeos en Argentina.<\/p><span><a href=\"https:\/\/bridgetoargentina.com\/es\/thisday\/fin-wwi-buenos-aires\/\" class=\"btn-primario\">Ver m\u00e1s<\/a><\/span><\/div><\/div><div class=\"tarjeta\"><div class=\"tarjeta-foto\"><img src=https:\/\/bridgetoargentina.com\/wp-content\/uploads\/2023\/02\/savoyard-frontier-2.jpeg><\/div><div class=\"tarjeta-texto\"><h5 class=\"mes-idioma\">May \/ 15<\/h5><h3>La frontera saboyana: El censo de Buenos Aires en 1855 y el estudio de la migraci\u00f3n italiana hacia la Argentina<\/h3><p>de Michael Goebel \/ Pocos pa\u00edses poseen la abundancia de fuentes demogr\u00e1ficas detalladas del siglo XIX como Argentina, lo cual nos permite analizar temas como la migraci\u00f3n italiana a Argentina de manera extremadamente detallada. <\/p><span><a href=\"https:\/\/bridgetoargentina.com\/es\/thisday\/censo-1855\/\" class=\"btn-primario\">Ver m\u00e1s<\/a><\/span><\/div><\/div><div class=\"tarjeta\"><div class=\"tarjeta-foto\"><img src=https:\/\/bridgetoargentina.com\/wp-content\/uploads\/2023\/02\/immigration-urbanization-cover.jpeg><\/div><div class=\"tarjeta-texto\"><h5 class=\"mes-idioma\">December \/ 01<\/h5><h3>Migraci\u00f3n, urbanizaci\u00f3n, y comunidad en Buenos Aires<\/h3><p>de Benjamin Bryce \/ La masiva inmigraci\u00f3n a Argentina entre finales del siglo XIX y principios del siglo XX dio forma a la capital del pa\u00eds tal como la conocemos hoy. El r\u00e1pido crecimiento de la poblaci\u00f3n provoc\u00f3 numerosas transformaciones urbanas, todas acompa\u00f1adas por el surgimiento de comunidades \u00e9tnicas entre los migrantes. <\/p><span><a href=\"https:\/\/bridgetoargentina.com\/es\/thisday\/migracion-urbanizacion-buenos-aires\/\" class=\"btn-primario\">Ver m\u00e1s<\/a><\/span><\/div><\/div><div class=\"tarjeta\"><div class=\"tarjeta-foto\"><img src=https:\/\/bridgetoargentina.com\/wp-content\/uploads\/2023\/02\/monte-grande-cover.jpg><\/div><div class=\"tarjeta-texto\"><h5 class=\"mes-idioma\">August \/ 11<\/h5><h3>Arribo del Buque Symmetry y fundaci\u00f3n de la Colonia Monte Grande<\/h3><p>de Alina Silveira \/ Una vez tranquilizada la agitaci\u00f3n causada por las guerras de independencia, el gobierno de la nueva naci\u00f3n Argentina se propuso promover la inmigraci\u00f3n al pa\u00eds.  Esto condujo a un aumento en la llegada de europeos, como en el caso del buque Symmetry y sus colonos ingleses y escoceses que establecer\u00edan el asentamiento de Monte Grande.<\/p><span><a href=\"https:\/\/bridgetoargentina.com\/es\/thisday\/buque-symmetry-monte-grande\/\" class=\"btn-primario\">Ver m\u00e1s<\/a><\/span><\/div><\/div><div class=\"tarjeta\"><div class=\"tarjeta-foto\"><img src=https:\/\/bridgetoargentina.com\/wp-content\/uploads\/2023\/02\/immigrants-women-singer-portada.jpg><\/div><div class=\"tarjeta-texto\"><h5 class=\"mes-idioma\">October \/ 14<\/h5><h3>Inmigrantes, mujeres y cantantes durante las primeras d\u00e9cadas del siglo XX<\/h3><p>Hacia fines del siglo XIX e inicios del XX aproximadamente dos millones de italianos arribaron a la Argentina. La mayor\u00eda de ellos eran campesinos, agricultores y obreros industriales, pero tambi\u00e9n los hab\u00eda empresarios, profesores, m\u00fasicos y artistas.<\/p><span><a href=\"https:\/\/bridgetoargentina.com\/es\/thisday\/inmigrantes-cantantes-1910\/\" class=\"btn-primario\">Ver m\u00e1s<\/a><\/span><\/div><\/div><div class=\"tarjeta\"><div class=\"tarjeta-foto\"><img src=https:\/\/bridgetoargentina.com\/wp-content\/uploads\/2023\/02\/constitucion-53-portada.jpeg.jpg><\/div><div class=\"tarjeta-texto\"><h5 class=\"mes-idioma\">May \/ 01<\/h5><h3>La inmigraci\u00f3n y la constituci\u00f3n de 1853<\/h3><p>de Alejandro Fern\u00e1ndez \/ Pr\u00e1cticamente desde la revoluci\u00f3n de independencia se fue extendiendo la idea de que el aumento de la poblaci\u00f3n, el fomento de las actividades productivas y las transformaciones de los h\u00e1bitos y costumbres tradicionales, heredados de los tiempos coloniales, depender\u00edan en gran medida de la incorporaci\u00f3n de inmigrantes extranjeros, en especial europeos.<\/p><span><a href=\"https:\/\/bridgetoargentina.com\/es\/thisday\/inmigracion-constitucion-1853\/\" class=\"btn-primario\">Ver m\u00e1s<\/a><\/span><\/div><\/div><div class='paginacion'><\/div><\/div>\n<\/div>\n","protected":false},"excerpt":{"rendered":"<p>Este d\u00eda en la Historia<\/p>\n","protected":false},"author":1,"featured_media":0,"parent":0,"menu_order":0,"comment_status":"closed","ping_status":"closed","template":"fullwidth-menu-footer","meta":{"footnotes":""},"class_list":["post-1135","page","type-page","status-publish","hentry"],"_links":{"self":[{"href":"https:\/\/bridgetoargentina.com\/es\/wp-json\/wp\/v2\/pages\/1135","targetHints":{"allow":["GET"]}}],"collection":[{"href":"https:\/\/bridgetoargentina.com\/es\/wp-json\/wp\/v2\/pages"}],"about":[{"href":"https:\/\/bridgetoargentina.com\/es\/wp-json\/wp\/v2\/types\/page"}],"author":[{"embeddable":true,"href":"https:\/\/bridgetoargentina.com\/es\/wp-json\/wp\/v2\/users\/1"}],"replies":[{"embeddable":true,"href":"https:\/\/bridgetoargentina.com\/es\/wp-json\/wp\/v2\/comments?post=1135"}],"version-history":[{"count":3,"href":"https:\/\/bridgetoargentina.com\/es\/wp-json\/wp\/v2\/pages\/1135\/revisions"}],"predecessor-version":[{"id":1635,"href":"https:\/\/bridgetoargentina.com\/es\/wp-json\/wp\/v2\/pages\/1135\/revisions\/1635"}],"wp:attachment":[{"href":"https:\/\/bridgetoargentina.com\/es\/wp-json\/wp\/v2\/media?parent=1135"}],"curies":[{"name":"wp","href":"https:\/\/api.w.org\/{rel}","templated":true}]}}