{"id":1133,"date":"2023-03-02T14:02:18","date_gmt":"2023-03-02T14:02:18","guid":{"rendered":"http:\/\/bridgetoargentina.com\/nuestro-equipo\/"},"modified":"2023-05-22T23:32:53","modified_gmt":"2023-05-22T23:32:53","slug":"nuestro-equipo","status":"publish","type":"page","link":"https:\/\/bridgetoargentina.com\/es\/nuestro-equipo\/","title":{"rendered":"Nuestro equipo"},"content":{"rendered":"\n<div class=\"wp-block-group alignfull has-base-color has-primary-background-color has-text-color has-background has-global-padding is-layout-constrained wp-container-core-group-is-layout-703f1d0a wp-block-group-is-layout-constrained\" style=\"padding-top:var(--wp--preset--spacing--60);padding-right:var(--wp--preset--spacing--40);padding-bottom:var(--wp--preset--spacing--60);padding-left:var(--wp--preset--spacing--40)\">\n<h2 class=\"wp-block-heading\">Nuestro equipo<\/h2>\n<\/div>\n\n\n\n<div style=\"height:40px\" aria-hidden=\"true\" class=\"wp-block-spacer\"><\/div>\n\n\n\n<p class=\"has-text-align-center\"><strong>Puente a Argentina<\/strong> es un museo virtual multiling\u00fce. El proyecto cuenta con el apoyo del <a rel=\"noreferrer noopener nofollow\" href=\"http:\/\/untref.edu.ar\/muntref\/es\/museo-de-la-inmigracion\/\" target=\"_blank\">Museo de la Inmigraci\u00f3n<\/a> en Buenos Aires, el <a rel=\"noreferrer noopener nofollow\" href=\"https:\/\/publichumanities.ubc.ca\/\" target=\"_blank\"> Centro de humanidades la UBC<\/a>, SSHRC, and the <a rel=\"noreferrer noopener nofollow\" href=\"https:\/\/history.ubc.ca\/\" target=\"_blank\">iniciativa de Historia P\u00fablica del Departamento de Historia de UBC.<\/a><\/p>\n\n\n<div class=\"gb-button-wrapper gb-button-wrapper-7bc61977\">\n\n<a class=\"gb-button gb-button-71832c06 gb-button-text\" href=\"https:\/\/bridgetoargentina.com\/es\/contacto\/\">PONTE EN CONTACTO<\/a>\n\n<\/div>\n\n\n<div style=\"height:100px\" aria-hidden=\"true\" class=\"wp-block-spacer\"><\/div>\n\n\n\n<div class=\"wp-block-columns alignwide is-layout-flex wp-container-core-columns-is-layout-28f84493 wp-block-columns-is-layout-flex\">\n<div class=\"wp-block-column is-layout-flow wp-block-column-is-layout-flow\" style=\"padding-top:var(--wp--preset--spacing--30);padding-right:var(--wp--preset--spacing--30);padding-bottom:var(--wp--preset--spacing--30);padding-left:var(--wp--preset--spacing--30)\">\n<figure class=\"wp-block-image size-full\"><img loading=\"lazy\" decoding=\"async\" width=\"250\" height=\"250\" src=\"http:\/\/bridgetoargentina.com\/wp-content\/uploads\/2023\/03\/ben.webp\" alt=\"\" class=\"wp-image-760\"\/><\/figure>\n\n\n\n<h3 class=\"wp-block-heading\">Benjamin Bryce<\/h3>\n\n\n\n<h5 class=\"wp-block-heading has-primary-color has-text-color\">Supervisor de proyecto<\/h5>\n\n\n\n<p>Benjamin Bryce es profesor permanente en el Departamento de Historia en la Universidad de la Columbia Brit\u00e1nica. Tambi\u00e9n es director de programa de Estudios Latinoamericanos en la misma universidad y editor de la <a rel=\"noreferrer noopener nofollow\" href=\"https:\/\/www.erudit.org\/en\/journals\/jcha\/#journal-info-team\" target=\"_blank\">Journal of the Canadian Historical Association<\/a>.<\/p>\n\n\n\n<p>Su investigaci\u00f3n se centra la historia de las migraciones en Am\u00e9rica. Es el autor de <em><a rel=\"noreferrer noopener nofollow\" href=\"https:\/\/www.sup.org\/books\/title\/?id=27793\" target=\"_blank\">To Belong in Buenos Aires<\/a><\/em> (2018) y su traducci\u00f3n al espa\u00f1ol <em><a rel=\"noreferrer noopener nofollow\" href=\"https:\/\/www.editorialbiblos.com.ar\/libro\/ser-de-buenos-aires_97491\/\" target=\"_blank\">Ser de Buenos Aires<\/a><\/em>(2019). Es tambi\u00e9n el co-editor de <em><a rel=\"noreferrer noopener nofollow\" href=\"http:\/\/upf.com\/book.asp?id=BRYCE001\" target=\"_blank\">Entangling Migration History<\/a><\/em> (2015), <em><a rel=\"noreferrer noopener nofollow\" href=\"https:\/\/www.amazon.com\/Making-Citizens-Argentina-Latin-American\/dp\/0822964899\/ref=sr_1_1?ie=UTF8&amp;qid=1482262672&amp;sr=8-1&amp;keywords=Making+Citizens+in+Argentina\" target=\"_blank\">Making Citizens in Argentina<\/a><\/em>(2017), <em><a rel=\"noreferrer noopener nofollow\" href=\"https:\/\/upittpress.org\/authors\/benjamin-bryce\/\" target=\"_blank\">Race and Transnationalism in the Americas<\/a><\/em> (2021), y <a rel=\"noreferrer noopener nofollow\" href=\"https:\/\/www.routledge.com\/Recasting-the-Nation-in-Twentieth-Century-Argentina\/Bryce-Sheinin\/p\/book\/9781032344010\" target=\"_blank\"><em>Recasting the Nation in Twentieth-Century Argentina<\/em><\/a>.\u200b<\/p>\n\n\n\n<p>Puedes encontrar su <a rel=\"noreferrer noopener nofollow\" href=\"https:\/\/history.ubc.ca\/wp-content\/uploads\/sites\/23\/2020\/06\/CV-Bryce-July-2021.docx\" target=\"_blank\">Curriculum Vitae aqu\u00ed<\/a> y <a rel=\"noreferrer noopener nofollow\" href=\"https:\/\/benjaminbryce.ca\/\" target=\"_blank\">su sitio web aqu\u00ed<\/a>.<\/p>\n<\/div>\n\n\n\n<div class=\"wp-block-column is-layout-flow wp-block-column-is-layout-flow\" style=\"padding-top:var(--wp--preset--spacing--30);padding-right:var(--wp--preset--spacing--30);padding-bottom:var(--wp--preset--spacing--30);padding-left:var(--wp--preset--spacing--30)\">\n<figure class=\"wp-block-image size-full\"><img loading=\"lazy\" decoding=\"async\" width=\"250\" height=\"250\" src=\"http:\/\/bridgetoargentina.com\/wp-content\/uploads\/2023\/03\/mirta.webp\" alt=\"\" class=\"wp-image-763\"\/><\/figure>\n\n\n\n<h3 class=\"wp-block-heading\">Mirta Roncagalli<\/h3>\n\n\n\n<h5 class=\"wp-block-heading has-primary-color has-text-color\">Coordinadora y creadora de contenido<\/h5>\n\n\n\n<p><a rel=\"noreferrer noopener nofollow\" href=\"https:\/\/fhis.ubc.ca\/profile\/mirta-roncagalli\/\" target=\"_blank\">Mirta Roncagalli<\/a> es candidata doctoral en la Universidad de Columbia Brit\u00e1nica.<\/p>\n\n\n\n<p>Su investigaci\u00f3n se encuentra en la intersecci\u00f3n entre la \u00e9tica y la pol\u00edtica, espec\u00edficamente en el ensayo espa\u00f1ol del siglo 21. Su proyecto tiene como objetivo entender c\u00f3mo ciertos fil\u00f3sofos contempor\u00e1neos desaf\u00edan el sistema neoliberal a trav\u00e9s de un cuestionamiento de la idea de una sociedad democr\u00e1tica. Ha trabajado en la concepci\u00f3n y desarrollo de este proyecto, y ha entablado las relaciones institucionales necesarias para su establecimiento. Tambi\u00e9n realiza diversos trabajos de traducci\u00f3n.<\/p>\n<\/div>\n<\/div>\n\n\n\n<div class=\"wp-block-columns alignwide is-layout-flex wp-container-core-columns-is-layout-28f84493 wp-block-columns-is-layout-flex\">\n<div class=\"wp-block-column is-layout-flow wp-block-column-is-layout-flow\" style=\"padding-top:var(--wp--preset--spacing--30);padding-right:var(--wp--preset--spacing--30);padding-bottom:var(--wp--preset--spacing--30);padding-left:var(--wp--preset--spacing--30)\">\n<figure class=\"wp-block-image size-full\"><img loading=\"lazy\" decoding=\"async\" width=\"250\" height=\"250\" src=\"http:\/\/bridgetoargentina.com\/wp-content\/uploads\/2023\/03\/stefania.webp\" alt=\"\" class=\"wp-image-765\"\/><\/figure>\n\n\n\n<h3 class=\"wp-block-heading\">Stefania Cardonetti<\/h3>\n\n\n\n<h5 class=\"wp-block-heading has-primary-color has-text-color\">Investigadora, autora, editora<\/h5>\n\n\n\n<p>Stefania est\u00e1 haciendo su doctorado en historia en la Universidad de San Andr\u00e9s en Buenos Aires. En el museo virtual se desempe\u00f1a como investigadora, creadora de contenido y editora.<\/p>\n\n\n\n<p>Su tesis de doctorado explora el v\u00ednculo entre la migraci\u00f3n y las emociones, enfoc\u00e1ndose en las pr\u00e1cticas emocionales y prescripciones que regulaban las expresiones de nostalgia y melancol\u00eda en Argentina de 1880 a 1950.<\/p>\n\n\n\n<p><a href=\"https:\/\/conicet-ar.academia.edu\/StefaniaCardonetti\" target=\"_blank\" rel=\"noreferrer noopener nofollow\">Su perfil de: Academia.edu<\/a><\/p>\n<\/div>\n\n\n\n<div class=\"wp-block-column is-layout-flow wp-block-column-is-layout-flow\" style=\"padding-top:var(--wp--preset--spacing--30);padding-right:var(--wp--preset--spacing--30);padding-bottom:var(--wp--preset--spacing--30);padding-left:var(--wp--preset--spacing--30)\">\n<figure class=\"wp-block-image size-full\"><img loading=\"lazy\" decoding=\"async\" width=\"250\" height=\"250\" src=\"http:\/\/bridgetoargentina.com\/wp-content\/uploads\/2023\/03\/gabriele.webp\" alt=\"\" class=\"wp-image-766\"\/><\/figure>\n\n\n\n<h3 class=\"wp-block-heading\">Gabriele Woolever<\/h3>\n\n\n\n<h5 class=\"wp-block-heading has-primary-color has-text-color\">Productora de podcasts<\/h5>\n\n\n\n<p><a>Gabriele Dumpys Woolever<\/a> recibi\u00f3 su maestr\u00eda en geograf\u00eda en la Universidad de la Columbia Brit\u00e1nica en el 2022. Su investigaci\u00f3n se enfoca en la inmigraci\u00f3n y el sonido. Su investigaci\u00f3n con trabajadores extranjeros temporales en Vancouver explora las intersecciones entre la furtividad, el sonido, y la narrativa como una manera de crear diferentes p\u00fablicos y re-imaginar relaciones pol\u00edticas. Adem\u00e1s de historias en audio, tambi\u00e9n trabaja con <a>fotograf\u00eda,<\/a> en particular pel\u00edculas de formato medio.<\/p>\n<\/div>\n<\/div>\n\n\n\n<div class=\"wp-block-columns alignwide is-layout-flex wp-container-core-columns-is-layout-28f84493 wp-block-columns-is-layout-flex\">\n<div class=\"wp-block-column is-layout-flow wp-block-column-is-layout-flow\" style=\"padding-top:var(--wp--preset--spacing--30);padding-right:var(--wp--preset--spacing--30);padding-bottom:var(--wp--preset--spacing--30);padding-left:var(--wp--preset--spacing--30)\">\n<figure class=\"wp-block-image size-full\"><img loading=\"lazy\" decoding=\"async\" width=\"250\" height=\"250\" src=\"http:\/\/bridgetoargentina.com\/wp-content\/uploads\/2023\/03\/headshot.webp\" alt=\"\" class=\"wp-image-769\"\/><\/figure>\n\n\n\n<h3 class=\"wp-block-heading\">Mar\u00eda Lee Folch<\/h3>\n\n\n\n<h5 class=\"wp-block-heading has-primary-color has-text-color\">Desarrollo de sitio web, traducci\u00f3n<\/h5>\n\n\n\n<p>Maria Lee Folch es estudiante de Licenciatura en Historia y Estudios Latinoamericanos en la Universidad de la Columbia Brit\u00e1nica. Originaria de M\u00e9xico, complet\u00f3 sus dos primeros a\u00f1os de la Licenciatura en Sciences Po, en su campus de Reims, antes de mudarse a Vancouver.<\/p>\n<\/div>\n\n\n\n<div class=\"wp-block-column is-layout-flow wp-block-column-is-layout-flow\" style=\"padding-top:var(--wp--preset--spacing--30);padding-right:var(--wp--preset--spacing--30);padding-bottom:var(--wp--preset--spacing--30);padding-left:var(--wp--preset--spacing--30)\">\n<figure class=\"wp-block-image size-full\"><img loading=\"lazy\" decoding=\"async\" width=\"256\" height=\"256\" src=\"http:\/\/bridgetoargentina.com\/wp-content\/uploads\/2023\/03\/matias-headshot.webp\" alt=\"\" class=\"wp-image-770\"\/><\/figure>\n\n\n\n<h3 class=\"wp-block-heading\">Mat\u00edas Molina<\/h3>\n\n\n\n<h5 class=\"wp-block-heading has-primary-color has-text-color\">Dise\u00f1o gr\u00e1fico, branding y desarrollo de sitio web<\/h5>\n\n\n\n<p>Mat\u00edas Molina es un dise\u00f1ador argentino, actualmente trabaja en m\u00faltiples proyectos desde su estudio Blobs Dise\u00f1o. Graduado de la Universidad del Norte Santo Tom\u00e1s de Aquino, se uni\u00f3 al proyecto en 2022, colaborando en la generaci\u00f3n de la identidad gr\u00e1fica, dise\u00f1o web y estructura de contenidos.<\/p>\n\n\n\n<p>Actualmente su estudio de dise\u00f1o se especializa en el desarrollo de marcas y herramientas gr\u00e1ficas para profesionales y emprendimientos. <a rel=\"noreferrer noopener nofollow\" href=\"http:\/\/www.blobs.com.ar\/%C2%A0\" target=\"_blank\">www.blobs.com.ar<\/a><\/p>\n<\/div>\n<\/div>\n\n\n\n<div class=\"wp-block-columns alignwide is-layout-flex wp-container-core-columns-is-layout-28f84493 wp-block-columns-is-layout-flex\">\n<div class=\"wp-block-column is-layout-flow wp-block-column-is-layout-flow\">\n<figure class=\"wp-block-image size-full is-resized\"><img loading=\"lazy\" decoding=\"async\" src=\"http:\/\/bridgetoargentina.com\/wp-content\/uploads\/2023\/05\/headshot-Argentina-JRGM.jpeg\" alt=\"\" class=\"wp-image-1573\" width=\"266\" height=\"285\" srcset=\"https:\/\/bridgetoargentina.com\/wp-content\/uploads\/2023\/05\/headshot-Argentina-JRGM.jpeg 480w, https:\/\/bridgetoargentina.com\/wp-content\/uploads\/2023\/05\/headshot-Argentina-JRGM-280x300.jpeg 280w\" sizes=\"auto, (max-width: 266px) 100vw, 266px\" \/><\/figure>\n\n\n\n<h3 class=\"wp-block-heading\">Ricardo Garc\u00eda <\/h3>\n\n\n\n<h5 class=\"wp-block-heading has-primary-color has-text-color\">Investigador, autor  <\/h5>\n\n\n\n<p>Ricardo Garc\u00eda estudia el doctorado en Estudios Hisp\u00e1nicos en la Universidad de Columbia Brit\u00e1nica, Vancouver. Su \u00e1rea de investigaci\u00f3n explora la acumulaci\u00f3n, el valor, la literatura y el rol de los intelectuales en Latinoam\u00e9rica desde la conquista hasta el presente. Para Bridge to Argentina, Ricardo est\u00e1 trabajando en una serie de ensayos que exploran la relaci\u00f3n entre literatura e inmigraci\u00f3n en la Argentina. Igualmente, tambi\u00e9n est\u00e1 comenzando un nuevo proyecto sobre la influencia del efervescente ambiente intelectual de Buenos Aires en Latinoam\u00e9rica a finales del siglo diecinueve e inicios del siglo veinte. Por ejemplo, estudia las reflexiones que Jos\u00e9 Vasconcelos ofrece en La raza c\u00f3smica (1925) sobre la Argentina, su influencia y relaci\u00f3n con otras naciones de las Am\u00e9ricas. Durante junio, Ricardo estar\u00e1 trabajando en el Museo de la Inmigraci\u00f3n en Buenos Aires.<\/p>\n<\/div>\n\n\n\n<div class=\"wp-block-column is-vertically-aligned-top is-layout-flow wp-block-column-is-layout-flow\" style=\"padding-top:var(--wp--preset--spacing--30);padding-right:var(--wp--preset--spacing--30);padding-bottom:var(--wp--preset--spacing--30);padding-left:var(--wp--preset--spacing--30)\">\n<figure class=\"wp-block-image size-full\"><img loading=\"lazy\" decoding=\"async\" width=\"250\" height=\"250\" src=\"http:\/\/bridgetoargentina.com\/wp-content\/uploads\/2023\/03\/gabriel.webp\" alt=\"\" class=\"wp-image-767\"\/><\/figure>\n\n\n\n<h3 class=\"wp-block-heading\">Gabriel Lee<\/h3>\n\n\n\n<h5 class=\"wp-block-heading has-primary-color has-text-color\">Dise\u00f1ador digital<\/h5>\n\n\n\n<p>Gabriel Lee recibi\u00f3 su licenciatura de la Universidad de la Columbia Brit\u00e1nica en el 2022.<\/p>\n\n\n\n<p>Sus estudios se enfocaron en la historia de Asia y la migraci\u00f3n hacia las Am\u00e9ricas. Su inter\u00e9s en la historia de la inmigraci\u00f3n lo llev\u00f3 a trabajar en este proyecto.<\/p>\n\n\n\n<p>Gabriel es el autor de Gabriel Lee\u2019s Historical Cookery Book.<\/p>\n<\/div>\n<\/div>\n\n\n\n<div class=\"wp-block-columns is-layout-flex wp-container-core-columns-is-layout-28f84493 wp-block-columns-is-layout-flex\">\n<div class=\"wp-block-column is-layout-flow wp-block-column-is-layout-flow\" style=\"flex-basis:100%\">\n<div class=\"wp-block-group alignwide has-global-padding is-layout-constrained wp-block-group-is-layout-constrained\"><\/div>\n<\/div>\n<\/div>\n\n\n\n<div style=\"height:40px\" aria-hidden=\"true\" class=\"wp-block-spacer\"><\/div>\n","protected":false},"excerpt":{"rendered":"<p>Nuestro equipo Puente a Argentina es un museo virtual multiling\u00fce. El proyecto cuenta con el apoyo del Museo de la Inmigraci\u00f3n en Buenos Aires, el Centro de humanidades la UBC, SSHRC, and the iniciativa de Historia P\u00fablica del Departamento de Historia de UBC. Benjamin Bryce Supervisor de proyecto Benjamin Bryce es profesor permanente en el [&hellip;]<\/p>\n","protected":false},"author":1,"featured_media":0,"parent":0,"menu_order":0,"comment_status":"closed","ping_status":"closed","template":"fullwidth-menu-footer","meta":{"footnotes":""},"class_list":["post-1133","page","type-page","status-publish","hentry"],"_links":{"self":[{"href":"https:\/\/bridgetoargentina.com\/es\/wp-json\/wp\/v2\/pages\/1133","targetHints":{"allow":["GET"]}}],"collection":[{"href":"https:\/\/bridgetoargentina.com\/es\/wp-json\/wp\/v2\/pages"}],"about":[{"href":"https:\/\/bridgetoargentina.com\/es\/wp-json\/wp\/v2\/types\/page"}],"author":[{"embeddable":true,"href":"https:\/\/bridgetoargentina.com\/es\/wp-json\/wp\/v2\/users\/1"}],"replies":[{"embeddable":true,"href":"https:\/\/bridgetoargentina.com\/es\/wp-json\/wp\/v2\/comments?post=1133"}],"version-history":[{"count":4,"href":"https:\/\/bridgetoargentina.com\/es\/wp-json\/wp\/v2\/pages\/1133\/revisions"}],"predecessor-version":[{"id":1580,"href":"https:\/\/bridgetoargentina.com\/es\/wp-json\/wp\/v2\/pages\/1133\/revisions\/1580"}],"wp:attachment":[{"href":"https:\/\/bridgetoargentina.com\/es\/wp-json\/wp\/v2\/media?parent=1133"}],"curies":[{"name":"wp","href":"https:\/\/api.w.org\/{rel}","templated":true}]}}