{"id":1131,"date":"2023-02-19T13:43:35","date_gmt":"2023-02-19T13:43:35","guid":{"rendered":"http:\/\/bridgetoargentina.com\/blog-del-curador\/"},"modified":"2023-06-09T18:41:06","modified_gmt":"2023-06-09T18:41:06","slug":"blog-del-curador","status":"publish","type":"page","link":"https:\/\/bridgetoargentina.com\/es\/blog-del-curador\/","title":{"rendered":"Blog del Curador"},"content":{"rendered":"\n<div class=\"wp-block-group alignfull has-base-color has-primary-background-color has-text-color has-background has-global-padding is-layout-constrained wp-container-core-group-is-layout-f998a8b1 wp-block-group-is-layout-constrained\" style=\"padding-top:var(--wp--preset--spacing--60);padding-bottom:var(--wp--preset--spacing--60);padding-left:var(--wp--preset--spacing--30)\">\n<h2 class=\"wp-block-heading\">Blog del Curador<\/h2>\n<\/div>\n\n\n\n<div class=\"wp-block-group alignwide has-global-padding is-layout-constrained wp-container-core-group-is-layout-12243e0f wp-block-group-is-layout-constrained\"><div class=\"blobs-archive-basic\"><div class=\"tarjeta\"><div class=\"tarjeta-foto\"><a href=\"https:\/\/bridgetoargentina.com\/es\/drycleaners-handheld-fans-and-identity-japanese-in-buenos-aires\/\" class=\"fotoLink\"><img src=https:\/\/bridgetoargentina.com\/wp-content\/uploads\/2024\/04\/destacada-japoneses.jpg><\/a><\/div><div class=\"tarjeta-texto\"><h5>Blog del Curador<\/h5><a href=\"https:\/\/bridgetoargentina.com\/es\/drycleaners-handheld-fans-and-identity-japanese-in-buenos-aires\/\" class=\"tituloLink\"><h3>La tintorer\u00eda, los abanicos y la identidad. Los japoneses en Buenos Aires.<\/h3><\/a><p>En el Museo, se encuentran exhibidos una serie de abanicos de estilo japon\u00e9s que representan distintas dimensiones del legado de los inmigrantes japoneses en Argentina. <\/p><span><a href=\"https:\/\/bridgetoargentina.com\/es\/drycleaners-handheld-fans-and-identity-japanese-in-buenos-aires\/\" class=\"btn-primario\">Ver m\u00e1s<\/a><\/span><\/div><\/div><div class=\"tarjeta\"><div class=\"tarjeta-foto\"><a href=\"https:\/\/bridgetoargentina.com\/es\/between-two-worlds-child-migrants\/\" class=\"fotoLink\"><img src=https:\/\/bridgetoargentina.com\/wp-content\/uploads\/2024\/04\/destacada-ninos.jpg><\/a><\/div><div class=\"tarjeta-texto\"><h5>Blog del Curador<\/h5><a href=\"https:\/\/bridgetoargentina.com\/es\/between-two-worlds-child-migrants\/\" class=\"tituloLink\"><h3>Entre dos mundos: Infancias migrantes<\/h3><\/a><p>Entre la multitud de adultos que llegaron a la Argentina, viajaron cientos de miles de ni\u00f1os cuyos derroteros conocemos en menor medida. A pesar de ello, entre la extensa colecci\u00f3n de fotograf\u00edas que exhibe el museo para ilustrar la diversidad de experiencias que acompa\u00f1an a la inmigraci\u00f3n, es posible hallar im\u00e1genes de ni\u00f1os y ni\u00f1as que representan sus propias formas de integrarse a la sociedad local.<\/p><span><a href=\"https:\/\/bridgetoargentina.com\/es\/between-two-worlds-child-migrants\/\" class=\"btn-primario\">Ver m\u00e1s<\/a><\/span><\/div><\/div><div class=\"tarjeta\"><div class=\"tarjeta-foto\"><a href=\"https:\/\/bridgetoargentina.com\/es\/immigrant-associations-integration-and-legacies\/\" class=\"fotoLink\"><img src=https:\/\/bridgetoargentina.com\/wp-content\/uploads\/2024\/04\/destacada.jpg><\/a><\/div><div class=\"tarjeta-texto\"><h5>Blog del Curador<\/h5><a href=\"https:\/\/bridgetoargentina.com\/es\/immigrant-associations-integration-and-legacies\/\" class=\"tituloLink\"><h3>Asociaciones de inmigrantes: inserci\u00f3n y legado<\/h3><\/a><p>Las asociaciones eran parte de una experiencia colectiva que incluye a migrantes de diversos or\u00edgenes y nos habla tanto de la inserci\u00f3n, como del legado que estos dejaron en Argentina. Los inmigrantes tambi\u00e9n pod\u00edan integrarse a un s\u00f3lido tejido de asociaciones que les prove\u00edan diversos recursos: las escuelas \u00e9tnicas, los hospitales y las festividades de las colectividades para reunirse fueron algunas de las instituciones creadas por y para aquellos migrantes.<\/p><span><a href=\"https:\/\/bridgetoargentina.com\/es\/immigrant-associations-integration-and-legacies\/\" class=\"btn-primario\">Ver m\u00e1s<\/a><\/span><\/div><\/div><div class=\"tarjeta\"><div class=\"tarjeta-foto\"><a href=\"https:\/\/bridgetoargentina.com\/es\/azur-y-abraham-del-mediterraneo-oriental-al-plata\/\" class=\"fotoLink\"><img src=https:\/\/bridgetoargentina.com\/wp-content\/plugins\/blobs-mejoras\/shortcode-archive\/mantelito.jpg><\/a><\/div><div class=\"tarjeta-texto\"><h5>Blog del Curador<\/h5><a href=\"https:\/\/bridgetoargentina.com\/es\/azur-y-abraham-del-mediterraneo-oriental-al-plata\/\" class=\"tituloLink\"><h3>Azur y Abraham. Del Mediterr\u00e1neo oriental al Plata.<\/h3><\/a><p>El Museo de la Inmigraci\u00f3n de Buenos Aires inaugur\u00f3 en el a\u00f1o 2022 la muestra \u201cDel Mediterr\u00e1neo oriental al Plata\u201d. La exposici\u00f3n se propone visibilizar la diversidad \u00e9tnica y religiosa que tuvo y tiene lugar en la Argentina debido a la llegada de flujos migratorios de diverso origen. <\/p><span><a href=\"https:\/\/bridgetoargentina.com\/es\/azur-y-abraham-del-mediterraneo-oriental-al-plata\/\" class=\"btn-primario\">Ver m\u00e1s<\/a><\/span><\/div><\/div><div class=\"tarjeta\"><div class=\"tarjeta-foto\"><a href=\"https:\/\/bridgetoargentina.com\/es\/baul\/\" class=\"fotoLink\"><img src=https:\/\/bridgetoargentina.com\/wp-content\/uploads\/2023\/02\/portada-thetrunk.jpg><\/a><\/div><div class=\"tarjeta-texto\"><h5>Blog del Curador<\/h5><a href=\"https:\/\/bridgetoargentina.com\/es\/baul\/\" class=\"tituloLink\"><h3>El ba\u00fal de un matrimonio jud\u00edo-italiano<\/h3><\/a><p>El ba\u00fal que protagoniza este articulo forma parte de la exposici\u00f3n titulada Para todos los hombres del mundo del Museo de la Inmigraci\u00f3n de Buenos Aires, denominaci\u00f3n que alude a una premisa del pre\u00e1mbulo de la Constituci\u00f3n Argentina. <\/p><span><a href=\"https:\/\/bridgetoargentina.com\/es\/baul\/\" class=\"btn-primario\">Ver m\u00e1s<\/a><\/span><\/div><\/div><div class=\"tarjeta\"><div class=\"tarjeta-foto\"><a href=\"https:\/\/bridgetoargentina.com\/es\/radio-inmigracion\/\" class=\"fotoLink\"><img src=https:\/\/bridgetoargentina.com\/wp-content\/uploads\/2023\/02\/old-radio.jpeg><\/a><\/div><div class=\"tarjeta-texto\"><h5>Blog del Curador<\/h5><a href=\"https:\/\/bridgetoargentina.com\/es\/radio-inmigracion\/\" class=\"tituloLink\"><h3>La radio, Nin\u00ed Marshall y la inmigraci\u00f3n<\/h3><\/a><p>En una esquina de la exposici\u00f3n \u201cPara todos los hombres del mundo\u201d se encuentra de pie un objeto que es llamativo por su tama\u00f1o y por su funcionalidad.<\/p><span><a href=\"https:\/\/bridgetoargentina.com\/es\/radio-inmigracion\/\" class=\"btn-primario\">Ver m\u00e1s<\/a><\/span><\/div><\/div><div class=\"tarjeta\"><div class=\"tarjeta-foto\"><a href=\"https:\/\/bridgetoargentina.com\/es\/exilio-escritura\/\" class=\"fotoLink\"><img src=https:\/\/bridgetoargentina.com\/wp-content\/plugins\/blobs-mejoras\/shortcode-archive\/mantelito.jpg><\/a><\/div><div class=\"tarjeta-texto\"><h5>Blog del Curador<\/h5><a href=\"https:\/\/bridgetoargentina.com\/es\/exilio-escritura\/\" class=\"tituloLink\"><h3>Exilio y escritura<\/h3><\/a><p>Esta m\u00e1quina de escribir perteneci\u00f3 al poeta espa\u00f1ol Rafael Alberti, quien lleg\u00f3 a la Argentina exiliado c\u00f3mo resultado de la Guerra Civil Espa\u00f1ola (1936 - 1939)<\/p><span><a href=\"https:\/\/bridgetoargentina.com\/es\/exilio-escritura\/\" class=\"btn-primario\">Ver m\u00e1s<\/a><\/span><\/div><\/div><div class='paginacion'><\/div><\/div>\n<\/div>\n","protected":false},"excerpt":{"rendered":"<p>Blog del Curador<\/p>\n","protected":false},"author":1,"featured_media":0,"parent":0,"menu_order":0,"comment_status":"closed","ping_status":"closed","template":"fullwidth-menu-footer","meta":{"footnotes":""},"class_list":["post-1131","page","type-page","status-publish","hentry"],"_links":{"self":[{"href":"https:\/\/bridgetoargentina.com\/es\/wp-json\/wp\/v2\/pages\/1131","targetHints":{"allow":["GET"]}}],"collection":[{"href":"https:\/\/bridgetoargentina.com\/es\/wp-json\/wp\/v2\/pages"}],"about":[{"href":"https:\/\/bridgetoargentina.com\/es\/wp-json\/wp\/v2\/types\/page"}],"author":[{"embeddable":true,"href":"https:\/\/bridgetoargentina.com\/es\/wp-json\/wp\/v2\/users\/1"}],"replies":[{"embeddable":true,"href":"https:\/\/bridgetoargentina.com\/es\/wp-json\/wp\/v2\/comments?post=1131"}],"version-history":[{"count":2,"href":"https:\/\/bridgetoargentina.com\/es\/wp-json\/wp\/v2\/pages\/1131\/revisions"}],"predecessor-version":[{"id":1637,"href":"https:\/\/bridgetoargentina.com\/es\/wp-json\/wp\/v2\/pages\/1131\/revisions\/1637"}],"wp:attachment":[{"href":"https:\/\/bridgetoargentina.com\/es\/wp-json\/wp\/v2\/media?parent=1131"}],"curies":[{"name":"wp","href":"https:\/\/api.w.org\/{rel}","templated":true}]}}