{"id":1128,"date":"2023-02-28T16:56:30","date_gmt":"2023-02-28T16:56:30","guid":{"rendered":"http:\/\/bridgetoargentina.com\/paseo-por-buenos-aires\/"},"modified":"2023-04-09T18:18:22","modified_gmt":"2023-04-09T18:18:22","slug":"paseo-por-buenos-aires","status":"publish","type":"page","link":"https:\/\/bridgetoargentina.com\/es\/paseo-por-buenos-aires\/","title":{"rendered":"Paseo por Buenos Aires"},"content":{"rendered":"\n<figure class=\"wp-block-image alignfull size-full\"><img loading=\"lazy\" decoding=\"async\" width=\"1920\" height=\"663\" src=\"http:\/\/bridgetoargentina.com\/wp-content\/uploads\/2023\/03\/old-trolley.jpeg\" alt=\"\" class=\"wp-image-697\"\/><\/figure>\n\n\n\n<div class=\"wp-block-group alignwide walkingtour-margin has-base-color has-primary-background-color has-text-color has-background has-global-padding is-layout-constrained wp-container-core-group-is-layout-29b1ed94 wp-block-group-is-layout-constrained\" style=\"padding-top:var(--wp--preset--spacing--50);padding-right:var(--wp--preset--spacing--50);padding-bottom:var(--wp--preset--spacing--50);padding-left:var(--wp--preset--spacing--50)\">\n<h2 class=\"wp-block-heading has-text-align-center maver has-x-large-font-size\">Paseo por Buenos Aires<\/h2>\n\n\n\n<p class=\"has-text-align-center has-medium-font-size\">Un recorrido a pie de dos horas por las calles de Buenos Aires explorando los monumentos construidos por los diferentes grupos de inmigantes de la ciudad durante las celebraciones del Centenario en de 1910.<\/p>\n<\/div>\n\n\n\n<h4 class=\"wp-block-heading has-text-align-center has-primary-color has-text-color\" style=\"margin-top:var(--wp--preset--spacing--40);margin-bottom:var(--wp--preset--spacing--40)\">\u00bfQu\u00e9 vamos a hacer?<\/h4>\n\n\n\n<div class=\"wp-block-group alignwide walkingtour has-base-color has-contrast-background-color has-text-color has-background has-global-padding is-layout-constrained wp-container-core-group-is-layout-5ae5b03a wp-block-group-is-layout-constrained\" style=\"margin-bottom:0\">\n<div class=\"wp-block-columns is-layout-flex wp-container-core-columns-is-layout-7466b548 wp-block-columns-is-layout-flex\" style=\"padding-top:var(--wp--preset--spacing--30);padding-right:var(--wp--preset--spacing--30);padding-bottom:var(--wp--preset--spacing--30);padding-left:var(--wp--preset--spacing--30)\">\n<div class=\"wp-block-column is-layout-flow wp-block-column-is-layout-flow\" style=\"padding-top:var(--wp--preset--spacing--30);padding-right:var(--wp--preset--spacing--30);padding-bottom:var(--wp--preset--spacing--30);padding-left:var(--wp--preset--spacing--30)\">\n<figure class=\"wp-block-image size-full\"><img loading=\"lazy\" decoding=\"async\" width=\"29\" height=\"52\" src=\"http:\/\/bridgetoargentina.com\/wp-content\/uploads\/2023\/03\/caminando.webp\" alt=\"\" class=\"wp-image-710\"\/><\/figure>\n\n\n\n<ul class=\"font_8\">\n<li>\n<p class=\"font_8\"><span class=\"color_16\"><span style=\"color: #b6d1e5;\"><strong>2 a 3 horas<\/strong><\/span> &nbsp;de paseo por Buenos Aires.<\/span><\/p>\n<\/li>\n<li>\n<p class=\"font_8\"><span style=\"color: #b6d1e5;\"><strong><span class=\"color_16\">Veremos monumentos<\/span> &nbsp;construidos para celebrar el primer centenario de la Independencia.<\/strong><\/span><\/p>\n<\/li>\n<li>\n<p class=\"font_8\"><span style=\"color: #b6d1e5;\"><strong><span class=\"color_16\">Conoceremos los barrios y caf\u00e9s<\/span><\/strong><\/span>&nbsp;que podemos encontrar entre estos monumentos.<\/p>\n<\/li>\n<\/ul>\n<\/div>\n\n\n\n<div class=\"wp-block-column is-layout-flow wp-block-column-is-layout-flow\" style=\"padding-top:var(--wp--preset--spacing--30);padding-right:var(--wp--preset--spacing--30);padding-bottom:var(--wp--preset--spacing--30);padding-left:var(--wp--preset--spacing--30)\">\n<figure class=\"wp-block-image size-full\"><img loading=\"lazy\" decoding=\"async\" width=\"48\" height=\"35\" src=\"http:\/\/bridgetoargentina.com\/wp-content\/uploads\/2023\/03\/camara.webp\" alt=\"\" class=\"wp-image-713\"\/><\/figure>\n\n\n\n<p class=\"font_8\"><span style=\"color: #b6d1e5;\"><strong><span class=\"color_16\">\u00bfQu\u00e9 vamos a encontrar?<br><\/span><\/strong><\/span>Un maravilloso ejemplo de c\u00f3mo los inmigrantes Europeos se esforzaron para transformar Buenos Aires en una sociedad multicultural.<\/p>\n<\/div>\n<\/div>\n<\/div>\n\n\n\n<figure class=\"wp-block-image alignwide size-full mt-0\"><a href=\"https:\/\/www.google.com\/maps\/dir\/?api=1&amp;amp;destination=Av. Santa Fe 4138, C1425BHQ CABA, Argentina\" target=\"_blank\" rel=\"noreferrer noopener nofollow\"><img loading=\"lazy\" decoding=\"async\" width=\"1200\" height=\"479\" src=\"http:\/\/bridgetoargentina.com\/wp-content\/uploads\/2023\/03\/mapa.jpg\" alt=\"\" class=\"wp-image-722\"\/><\/a><\/figure>\n\n\n\n<div style=\"height:40px\" aria-hidden=\"true\" class=\"wp-block-spacer\"><\/div>\n\n\n\n<p><strong>El centenario de la independencia en 1910<\/strong> le ofreci\u00f3 a los pol\u00edticos y a las elites argentinas la oportunidad de promover sentimientos de pertenencia nacional y conmemorar s\u00edmbolos de la historia nacional. La renovaci\u00f3n del espacio urbano en Buenos Aires se volvi\u00f3 una expresi\u00f3n tangible de aquel momento de 1910. La Plaza de Mayo y la Plaza del Congreso fueron redise\u00f1adas, y el Parque Centenario le ofreci\u00f3 a los residentes de la floreciente metr\u00f3polis un nuevo espacio para el ocio. El gobierno nacional desarroll\u00f3 ambiciosos planes de construir monumentos en la capital, y en otros sitios del pa\u00eds para conmemorar a l\u00edderes del siglo XIX, congresos constitucionales y batallas en las guerras de independencia. Esta oportunidad no pas\u00f3 desapercibida por los residentes extranjeros de la ciudad, que en esa \u00e9poca representaban un 46% de su poblaci\u00f3n. Los l\u00edderes autoproclamados de varias colectividades comisionaron monumentos que representaban su contribuci\u00f3n a la naci\u00f3n argentina.<\/p>\n\n\n\n<p>Esta narrativa de contribuci\u00f3n es particularmente notable teniendo en cuenta que surgi\u00f3 en un momento en el cual los l\u00edderes del pa\u00eds estaban tan enfocados en la historia argentina y sus s\u00edmbolos y cuando un sector de las elites estaba empezando a cuestionar los beneficios de las altas tasas de inmigraci\u00f3n. Los inmigrantes no solo participaron en un momento crucial del nacionalismo argentino, sino que construyeron un espacio (a partir de ladrillo, m\u00e1rmol y bronce) para el pluralismo cultural. Junto a Jos\u00e9 de San Mart\u00edn y los hombres de la Primera Junta en 1810, se elevaron s\u00edmbolos de c\u00f3mo las diferencias \u00e9tnicas contribuyeron al progreso nacional argentino.<\/p>\n\n\n\n<p>Al fomentar un espacio para las colectividades &#8211; o una determinada imagen elitista de esas colectividades &#8211; en el paisaje urbano de Buenos Aires, los inmigrantes de clase alta que participaron en la realizaci\u00f3n de estos monumentos jugaron un papel importante en la afirmaci\u00f3n de la europeidad de la Argentina. Estos esfuerzos de europeizar a la sociedad se produjeron a costa de pueblos ind\u00edgenas, mestizos y afro-argentinos, y ayud\u00f3 a cimentar el mito de una naci\u00f3n blanca. La construcci\u00f3n de una Argentina blanca se realiz\u00f3 no solo con la llegada de millones de inmigrantes europeos, y el rechazo de otros llegando de Asia, sino tambi\u00e9n en la arquitectura.<\/p>\n\n\n\n<p>Los proyectos para la celebraci\u00f3n del centenario de 1910 formaron parte de una tendencia m\u00e1s grande en la cual los pol\u00edticos y elites rehicieron espacios urbanos en la capital. A partir de la d\u00e9cada de 1880 hubo una serie de proyectos que utilizaban la arquitectura y la planeaci\u00f3n urbana para transformar Buenos Aires en una ciudad \u201cmoderna\u201d y un modelo de la \u201ccivilizaci\u00f3n\u201d. Torcuato de Alvear, el primer intendente de la ciudad recientemente federada en los 1880s, ensanch\u00f3 las avenidas, siguiendo el modelo de las renovaciones de Haussmann en Par\u00eds en los a\u00f1os 1850 y 1860. Las avenidas fueron ampliadas, las calles pavimentadas, y se plantaron \u00e1rboles y arbustos en distintas plazas de la ciudad. Este tipo de reformas urbanas en Par\u00eds, Buenos Aires y otras ciudades tambi\u00e9n ten\u00edan como objetivo expulsar a la clase trabajadora de ciertos barrios. La r\u00e1pida expansi\u00f3n de redes ferroviarias y portuarias fueron dos factores importantes en esta renovaci\u00f3n urbana, moviendo el centro de la ciudad hacia la Plaza de Mayo (cerca del Puerto Madero) y la terminal ferroviaria del Retiro. Muchos edificios nuevos aparecieron en los 1880 y 90, y con la llegada del nuevo siglo y la influencia de la \u00c9cole des Beaux-Arts en Par\u00eds, muchos arquitectos educados en Francia encontraron trabajo en Buenos Aires.<\/p>\n\n\n\n<p><em>Esta exposici\u00f3n est\u00e1 inspirada en el cap\u00edtulo de libro de Benjamin Bryce, \u201cCultural Pluralism Written in Stone: Ethnic Monuments in the 1910 Argentine Centennial.\u201d Es parte del libro<a rel=\"noreferrer noopener nofollow\" href=\"https:\/\/www.routledge.com\/Recasting-the-Nation-in-Twentieth-Century-Argentina\/Bryce-Sheinin\/p\/book\/9781032344010\" target=\"_blank\"> <\/a><a>Recasting the Nation in Twentieth-Century Argentina<\/a>, editado por Benjamin Bryce y David M.K. Sheinin, 18-44. New York: Routledge, 2022.<\/em><\/p>\n\n\n\n<div style=\"height:40px\" aria-hidden=\"true\" class=\"wp-block-spacer\"><\/div>\n\n\n\n<h3 class=\"wp-block-heading\">Monumentos construidos por inmigrantes para las celebraciones del centenario de 1910<\/h3>\n\n\n\n<div class=\"wp-block-group alignwide has-global-padding is-layout-constrained wp-container-core-group-is-layout-12243e0f wp-block-group-is-layout-constrained\"><div class=\"gb-grid-wrapper gb-grid-wrapper-ec5b8441 tarjetero-walkingtour\">\n<div class=\"gb-grid-column gb-grid-column-85d37a40\"><div class=\"gb-container gb-container-85d37a40 .tarjetero-walkingtour-columna\"><div class=\"gb-inside-container\">\n<div class=\"gb-grid-wrapper gb-grid-wrapper-99abfaf7 caja-walkingtour\">\n<div class=\"gb-grid-column gb-grid-column-b07df132\"><div class=\"gb-container gb-container-b07df132 caja-walkingtour-texto\"><div class=\"gb-inside-container\">\n\n<h5 class=\"wp-block-heading has-base-color has-text-color\">ITALIANO<\/h5>\n\n\n\n<h2 class=\"wp-block-heading has-base-color has-text-color has-link-color has-titulos-font-family has-large-font-size wp-elements-10940e104511a54c6c5e123d61760e1e\"><a href=\"https:\/\/bridgetoargentina.com\/es\/parada-1-el-monumento-a-garibaldi-en-plaza-italia\/\" data-type=\"post\" data-id=\"1157\">Monumento a Garibaldi<\/a><\/h2>\n\n\n<div class=\"gb-button-wrapper gb-button-wrapper-7bc61977\">\n\n<a class=\"gb-button gb-button-a32db1d8 gb-button-text\" href=\"https:\/\/bridgetoargentina.com\/es\/parada-1-el-monumento-a-garibaldi-en-plaza-italia\/\">Ver m\u00e1s<\/a>\n\n<\/div>\n<\/div><\/div><\/div>\n\n<div class=\"gb-grid-column gb-grid-column-25f4d0fc\"><div class=\"gb-container gb-container-25f4d0fc caja-walkingtour-imagen\"><div class=\"gb-inside-container\">\n\n<figure class=\"wp-block-image size-full photo-effect\"><img loading=\"lazy\" decoding=\"async\" width=\"1000\" height=\"1500\" src=\"http:\/\/bridgetoargentina.com\/wp-content\/uploads\/2023\/02\/monumento-garibaldi-destacada.jpg\" alt=\"\" class=\"wp-image-583\"\/><\/figure>\n\n<\/div><\/div><\/div>\n<\/div>\n<\/div><\/div><\/div>\n\n<div class=\"gb-grid-column gb-grid-column-157a3a10\"><div class=\"gb-container gb-container-157a3a10 caja-walkingtour\"><div class=\"gb-inside-container\">\n<div class=\"gb-grid-wrapper gb-grid-wrapper-a8820be7 caja-walkingtour\">\n<div class=\"gb-grid-column gb-grid-column-bb9970de\"><div class=\"gb-container gb-container-bb9970de caja-walkingtour-texto\"><div class=\"gb-inside-container\">\n\n<h5 class=\"wp-block-heading has-contrast-color has-text-color\">ESPA\u00d1OLES<\/h5>\n\n\n\n<h2 class=\"wp-block-heading has-contrast-color has-text-color has-link-color has-titulos-font-family has-large-font-size wp-elements-59474ed8ddb2c8d3c77362b03cad96fe\"><a href=\"https:\/\/bridgetoargentina.com\/es\/parada-2-el-monumento-de-los-espanoles\/\" data-type=\"post\" data-id=\"1155\">El Monumento Espa\u00f1ol<\/a><\/h2>\n\n\n<div class=\"gb-button-wrapper gb-button-wrapper-f8a7dc57\">\n\n<a class=\"gb-button gb-button-519b602b gb-button-text\" href=\"https:\/\/bridgetoargentina.com\/es\/parada-2-el-monumento-de-los-espanoles\/\">Ver m\u00e1s<\/a>\n\n<\/div>\n<\/div><\/div><\/div>\n\n<div class=\"gb-grid-column gb-grid-column-212033c1\"><div class=\"gb-container gb-container-212033c1 caja-walkingtour-imagen\"><div class=\"gb-inside-container\">\n\n<figure class=\"wp-block-image size-full photo-effect\"><img loading=\"lazy\" decoding=\"async\" width=\"1000\" height=\"1499\" src=\"http:\/\/bridgetoargentina.com\/wp-content\/uploads\/2023\/02\/monumento-spain-destacada.jpg\" alt=\"\" class=\"wp-image-595\"\/><\/figure>\n\n<\/div><\/div><\/div>\n<\/div>\n<\/div><\/div><\/div>\n<\/div>\n\n<div class=\"gb-grid-wrapper gb-grid-wrapper-6015a12b tarjetero-walkingtour\">\n<div class=\"gb-grid-column gb-grid-column-5998173f\"><div class=\"gb-container gb-container-5998173f .tarjetero-walkingtour-columna\"><div class=\"gb-inside-container\">\n<div class=\"gb-grid-wrapper gb-grid-wrapper-525f8f10 caja-walkingtour\">\n<div class=\"gb-grid-column gb-grid-column-6191606a\"><div class=\"gb-container gb-container-6191606a caja-walkingtour-texto\"><div class=\"gb-inside-container\">\n\n<h5 class=\"wp-block-heading has-base-color has-text-color\">ALEM\u00c1N<\/h5>\n\n\n\n<h2 class=\"wp-block-heading has-base-color has-text-color has-link-color has-titulos-font-family has-large-font-size wp-elements-88a957553e959e048e199e23aa8ed3cb\"><a href=\"https:\/\/bridgetoargentina.com\/es\/parada-3-la-fuente-alemana\/\" data-type=\"post\" data-id=\"1153\">La Fuente Alemana<\/a><\/h2>\n\n\n<div class=\"gb-button-wrapper gb-button-wrapper-7fd82d05\">\n\n<a class=\"gb-button gb-button-59b0d926 gb-button-text\" href=\"https:\/\/bridgetoargentina.com\/es\/parada-3-la-fuente-alemana\/\">Ver m\u00e1s<\/a>\n\n<\/div>\n<\/div><\/div><\/div>\n\n<div class=\"gb-grid-column gb-grid-column-4b2a4b89\"><div class=\"gb-container gb-container-4b2a4b89 caja-walkingtour-imagen\"><div class=\"gb-inside-container\">\n\n<figure class=\"wp-block-image size-full photo-effect\"><img loading=\"lazy\" decoding=\"async\" width=\"1000\" height=\"1500\" src=\"http:\/\/bridgetoargentina.com\/wp-content\/uploads\/2023\/02\/monumento-german-destacada.jpg\" alt=\"\" class=\"wp-image-607\"\/><\/figure>\n\n<\/div><\/div><\/div>\n<\/div>\n<\/div><\/div><\/div>\n\n<div class=\"gb-grid-column gb-grid-column-1a4254ce\"><div class=\"gb-container gb-container-1a4254ce caja-walkingtour\"><div class=\"gb-inside-container\">\n<div class=\"gb-grid-wrapper gb-grid-wrapper-ab3d060e caja-walkingtour\">\n<div class=\"gb-grid-column gb-grid-column-d186b586\"><div class=\"gb-container gb-container-d186b586 caja-walkingtour-texto\"><div class=\"gb-inside-container\">\n\n<h5 class=\"wp-block-heading has-base-color has-text-color\">FRANC\u00c9S<\/h5>\n\n\n\n<h2 class=\"wp-block-heading has-base-color has-text-color has-link-color has-titulos-font-family has-large-font-size wp-elements-e283cd3d32b1d370f7aacabd844cc6b3\"><a href=\"https:\/\/bridgetoargentina.com\/es\/parada-4-el-monumento-frances\/\" data-type=\"post\" data-id=\"1151\">El Monumento Franc\u00e9s<\/a><\/h2>\n\n\n<div class=\"gb-button-wrapper gb-button-wrapper-6d95b05d\">\n\n<a class=\"gb-button gb-button-61813a7d gb-button-text\" href=\"https:\/\/bridgetoargentina.com\/es\/parada-4-el-monumento-frances\/\">Ver m\u00e1s<\/a>\n\n<\/div>\n<\/div><\/div><\/div>\n\n<div class=\"gb-grid-column gb-grid-column-a722ee05\"><div class=\"gb-container gb-container-a722ee05 caja-walkingtour-imagen\"><div class=\"gb-inside-container\">\n\n<figure class=\"wp-block-image size-full photo-effect\"><img loading=\"lazy\" decoding=\"async\" width=\"1000\" height=\"1500\" src=\"http:\/\/bridgetoargentina.com\/wp-content\/uploads\/2023\/02\/monumento-french-destacada.jpg\" alt=\"\" class=\"wp-image-613\"\/><\/figure>\n\n<\/div><\/div><\/div>\n<\/div>\n<\/div><\/div><\/div>\n<\/div>\n\n<div class=\"gb-grid-wrapper gb-grid-wrapper-972570f0 tarjetero-walkingtour\">\n<div class=\"gb-grid-column gb-grid-column-d83bf1ef\"><div class=\"gb-container gb-container-d83bf1ef .tarjetero-walkingtour-columna\"><div class=\"gb-inside-container\">\n<div class=\"gb-grid-wrapper gb-grid-wrapper-0c276de7 caja-walkingtour\">\n<div class=\"gb-grid-column gb-grid-column-c22fd984\"><div class=\"gb-container gb-container-c22fd984 caja-walkingtour-texto\"><div class=\"gb-inside-container\">\n\n<h5 class=\"wp-block-heading has-base-color has-text-color\">INGL\u00c9S<\/h5>\n\n\n\n<h2 class=\"wp-block-heading has-base-color has-text-color has-link-color has-titulos-font-family has-large-font-size wp-elements-2df00ff971f6a7f49bc3bf6d28e3775d\"><a href=\"https:\/\/bridgetoargentina.com\/es\/parada-5-la-torre-de-los-ingleses\/\" data-type=\"post\" data-id=\"1149\">La Torre de Los Ingleses<\/a><\/h2>\n\n\n<div class=\"gb-button-wrapper gb-button-wrapper-0a8e1e6b\">\n\n<a class=\"gb-button gb-button-557b48cb gb-button-text\" href=\"https:\/\/bridgetoargentina.com\/es\/parada-5-la-torre-de-los-ingleses\/\">Ver m\u00e1s<\/a>\n\n<\/div>\n<\/div><\/div><\/div>\n\n<div class=\"gb-grid-column gb-grid-column-e1e0aa98\"><div class=\"gb-container gb-container-e1e0aa98 caja-walkingtour-imagen\"><div class=\"gb-inside-container\">\n\n<figure class=\"wp-block-image size-full photo-effect\"><img loading=\"lazy\" decoding=\"async\" width=\"1000\" height=\"1500\" src=\"http:\/\/bridgetoargentina.com\/wp-content\/uploads\/2023\/02\/monumento-british-destacada.jpg\" alt=\"\" class=\"wp-image-624\"\/><\/figure>\n\n<\/div><\/div><\/div>\n<\/div>\n<\/div><\/div><\/div>\n\n<div class=\"gb-grid-column gb-grid-column-922f3484\"><div class=\"gb-container gb-container-922f3484 caja-walkingtour\"><div class=\"gb-inside-container\">\n<div class=\"gb-grid-wrapper gb-grid-wrapper-23f02d27 caja-walkingtour\">\n<div class=\"gb-grid-column gb-grid-column-53ce1c92\"><div class=\"gb-container gb-container-53ce1c92 caja-walkingtour-texto\"><div class=\"gb-inside-container\">\n\n<h5 class=\"wp-block-heading has-base-color has-text-color\">ITALIANO<\/h5>\n\n\n\n<h2 class=\"wp-block-heading has-base-color has-text-color has-link-color has-titulos-font-family has-large-font-size wp-elements-f295d7311788e346296180681c5e4f9e\"><a href=\"https:\/\/bridgetoargentina.com\/es\/parada-6-el-monumento-a-colon\/\" data-type=\"post\" data-id=\"1145\">Monumento a Col\u00f3n<\/a><\/h2>\n\n\n<div class=\"gb-button-wrapper gb-button-wrapper-24dbd9a7\">\n\n<a class=\"gb-button gb-button-9251ec0b gb-button-text\" href=\"https:\/\/bridgetoargentina.com\/es\/parada-6-el-monumento-a-colon\/\">Ver m\u00e1s<\/a>\n\n<\/div>\n<\/div><\/div><\/div>\n\n<div class=\"gb-grid-column gb-grid-column-8a152072\"><div class=\"gb-container gb-container-8a152072 caja-walkingtour-imagen\"><div class=\"gb-inside-container\">\n\n<figure class=\"wp-block-image size-full photo-effect\"><img loading=\"lazy\" decoding=\"async\" width=\"1000\" height=\"1500\" src=\"http:\/\/bridgetoargentina.com\/wp-content\/uploads\/2023\/02\/monumento-columbus-destacada.jpg\" alt=\"\" class=\"wp-image-636\"\/><\/figure>\n\n<\/div><\/div><\/div>\n<\/div>\n<\/div><\/div><\/div>\n<\/div><\/div>\n\n\n\n<figure class=\"wp-block-image size-full\"><img loading=\"lazy\" decoding=\"async\" width=\"60\" height=\"56\" src=\"http:\/\/bridgetoargentina.com\/wp-content\/uploads\/2023\/03\/mapa.webp\" alt=\"\" class=\"wp-image-729\"\/><\/figure>\n\n\n\n<h3 class=\"wp-block-heading\">Ruta Propuesta<\/h3>\n\n\n\n<h5 class=\"wp-block-heading has-primary-color has-text-color\">Versi\u00f3n corta:<\/h5>\n\n\n\n<ul class=\"walkingtour-abajo wp-block-list\">\n<li><strong>1. <\/strong>Tome el metro a Plaza Italia (l\u00ednea D). En esta plaza, encontrar\u00e1 el <strong>monumento italiano a Garibaldi<\/strong><\/li>\n\n\n\n<li><strong>2. <\/strong>Desde ah\u00ed, camine hacia el este a trav\u00e9s del parque hasta el <strong>monumento espa\u00f1ol<\/strong> (llamado Monumento a La Carta Magna y las Cuatro Regiones Argentinas en Google Maps). Est\u00e1 a 1 km de distancia.<\/li>\n\n\n\n<li><strong>3. <\/strong>Desde ah\u00ed, camine hacia el sudoeste otros 750 metros, tambi\u00e9n a trav\u00e9s del parque, hacia la <strong>fuente alemana<\/strong> (Fuente Riqueza Agropecuaria Argentina). \u200b<\/li>\n\n\n\n<li><strong>4. <\/strong>En el camino, puede hacer una parada en el <strong>jard\u00edn japon\u00e9s<\/strong> de la ciudad.<\/li>\n\n\n\n<li><strong>5. <\/strong>Despu\u00e9s de visitar la fuente alemana, tome un paseo sobre la Avenida Libertador hacia la Plaza Francia. Son 1.6 km sobre una de <strong>las avenidas m\u00e1s impresionantes de la ciudad.<\/strong><\/li>\n<\/ul>\n\n\n\n<h5 class=\"wp-block-heading has-primary-color has-text-color\">Versi\u00f3n larga, o para otro d\u00eda.<\/h5>\n\n\n\n<ul class=\"walkingtour-abajo wp-block-list\">\n<li><strong>6. La Torre de los Ingleses<\/strong> (estaci\u00f3n de metro Retiro) est\u00e1 a tres kil\u00f3metros de la Plaza Francia. Puede caminar a trav\u00e9s del barrio recoleta sobre la Avenida Alvear. Camine hacia la Plaza del General San Martin y pare ah\u00ed y en el Monumento de los Ca\u00eddos en las Malvinas.<\/li>\n\n\n\n<li><strong>7. <\/strong>El <strong>monumento italiano a Col\u00f3n<\/strong> est\u00e1 en la direcci\u00f3n opuesta, en la orilla del r\u00edo en la Costanera. Est\u00e1 a alrededor de 5 km al norte del monumento espa\u00f1ol, y se puede acceder f\u00e1cilmente en bus (37B) o taxi.<\/li>\n\n\n\n<li><strong>8. <\/strong>En la Costanera, tambi\u00e9n se puede visitar el <strong>Parque de la Memoria,<\/strong> un memorial a las v\u00edctimas del terrorismo del estado durante la \u00faltima dictadura.<\/li>\n<\/ul>\n\n\n\n<div style=\"height:60px\" aria-hidden=\"true\" class=\"wp-block-spacer\"><\/div>\n","protected":false},"excerpt":{"rendered":"<p>Paseo por Buenos Aires Un recorrido a pie de dos horas por las calles de Buenos Aires explorando los monumentos construidos por los diferentes grupos de inmigantes de la ciudad durante las celebraciones del Centenario en de 1910. \u00bfQu\u00e9 vamos a hacer? 2 a 3 horas &nbsp;de paseo por Buenos Aires. Veremos monumentos &nbsp;construidos para [&hellip;]<\/p>\n","protected":false},"author":1,"featured_media":0,"parent":0,"menu_order":0,"comment_status":"closed","ping_status":"closed","template":"fullwidth-menu-footer","meta":{"footnotes":""},"class_list":["post-1128","page","type-page","status-publish","hentry"],"_links":{"self":[{"href":"https:\/\/bridgetoargentina.com\/es\/wp-json\/wp\/v2\/pages\/1128","targetHints":{"allow":["GET"]}}],"collection":[{"href":"https:\/\/bridgetoargentina.com\/es\/wp-json\/wp\/v2\/pages"}],"about":[{"href":"https:\/\/bridgetoargentina.com\/es\/wp-json\/wp\/v2\/types\/page"}],"author":[{"embeddable":true,"href":"https:\/\/bridgetoargentina.com\/es\/wp-json\/wp\/v2\/users\/1"}],"replies":[{"embeddable":true,"href":"https:\/\/bridgetoargentina.com\/es\/wp-json\/wp\/v2\/comments?post=1128"}],"version-history":[{"count":12,"href":"https:\/\/bridgetoargentina.com\/es\/wp-json\/wp\/v2\/pages\/1128\/revisions"}],"predecessor-version":[{"id":1244,"href":"https:\/\/bridgetoargentina.com\/es\/wp-json\/wp\/v2\/pages\/1128\/revisions\/1244"}],"wp:attachment":[{"href":"https:\/\/bridgetoargentina.com\/es\/wp-json\/wp\/v2\/media?parent=1128"}],"curies":[{"name":"wp","href":"https:\/\/api.w.org\/{rel}","templated":true}]}}