{"id":1090,"date":"2023-02-04T19:17:51","date_gmt":"2023-02-04T19:17:51","guid":{"rendered":"http:\/\/bridgetoargentina.com\/home\/"},"modified":"2023-04-27T14:20:03","modified_gmt":"2023-04-27T14:20:03","slug":"home","status":"publish","type":"page","link":"https:\/\/bridgetoargentina.com\/es\/home\/","title":{"rendered":"Home"},"content":{"rendered":"\n<div style=\"height:60px\" aria-hidden=\"true\" class=\"wp-block-spacer\"><\/div>\n\n\n<div class=\"gb-container gb-container-26b20613\"><div class=\"gb-inside-container\">\n\n<h4 style=\"text-align: center;\"><span style=\"color: #4582b0;\">Puente a Argentina.<\/span> Un museo virtual en colaboraci\u00f3n con el Museo de la Inmigraci\u00f3n de Buenos Aires. Presentamos investigaciones acad\u00e9micas al p\u00fablico a trav\u00e9s de exposiciones interactivas, medios digitales e historias diversas.<\/h4>\n\n<\/div><\/div>\n\n\n<div style=\"height:60px\" aria-hidden=\"true\" class=\"wp-block-spacer\"><\/div>\n\n\n\n<div class=\"wp-block-group alignwide has-global-padding is-content-justification-left is-layout-constrained wp-container-core-group-is-layout-06628af8 wp-block-group-is-layout-constrained\" style=\"padding-top:0;padding-right:0;padding-bottom:0;padding-left:0\">\n<h5 class=\"wp-block-heading has-primary-color has-text-color\">VISITE NUESTRA EXPOSICI\u00d3N PRINCIPAL<\/h5>\n<\/div>\n\n\n<div class=\"gb-container gb-container-66e83186 alignfull\"><div class=\"gb-inside-container\">\n<div class=\"gb-grid-wrapper gb-grid-wrapper-72936e4e grilla-home-hero\">\n<div class=\"gb-grid-column gb-grid-column-80dbab2d\"><div class=\"gb-container gb-container-80dbab2d\"><div class=\"gb-inside-container\">\n<div class=\"gb-container gb-container-218c3577 grilla-home-hero-left\"><div class=\"gb-inside-container\">\n\n<h5 class=\"wp-block-heading copete-caja mb-20 has-base-color has-contrast-background-color has-text-color has-background\">CIAO!<\/h5>\n\n\n\n<h3 class=\"wp-block-heading mb-20\">Italianos en Argentina:<br>una exhibici\u00f3n virtual<\/h3>\n\n\n\n<p class=\"mt-0 mb-60\">Descubra la influencia italiana en Argentina. \u00bfQu\u00e9 com\u00edan los inmigrantes? \u00bfDe d\u00f3nde ven\u00edan? \u00bfQu\u00e9 encontraron al llegar?<\/p>\n\n\n<div class=\"gb-button-wrapper gb-button-wrapper-7bc61977\">\n\n<a class=\"gb-button gb-button-a32db1d8 gb-button-text\" href=\"https:\/\/bridgetoargentina.com\/es\/los-italianos-en-argentina\/\">Visitar<\/a>\n\n<\/div>\n<\/div><\/div>\n<\/div><\/div><\/div>\n\n<div class=\"gb-grid-column gb-grid-column-f963a47c\"><div class=\"gb-container gb-container-f963a47c\"><div class=\"gb-inside-container\">\n\n<p class=\"has-base-color has-text-color\"><strong>Imagen cortes\u00eda del Archivo General de la Naci\u00f3n<\/strong><\/p>\n\n<\/div><\/div><\/div>\n<\/div>\n<\/div><\/div>\n\n<div class=\"So7Ias\" data-testid=\"columns\">\n<div id=\"comp-l9t0p1pl1\" class=\"comp-l9t0p1pl1 YzqVVZ\">\n<div id=\"bgLayers_comp-l9t0p1pl1\" class=\"MW5IWV\" data-hook=\"bgLayers\">\n<div class=\"LWbAav Kv1aVt\" data-testid=\"colorUnderlay\">&nbsp;<\/div>\n<div id=\"bgMedia_comp-l9t0p1pl1\" class=\"VgO9Yg\">&nbsp;<\/div>\n<\/div>\n<div class=\"\" data-mesh-id=\"comp-l9t0p1pl1inlineContent\" data-testid=\"inline-content\">\n<div data-mesh-id=\"comp-l9t0p1pl1inlineContent-gridContainer\" data-testid=\"mesh-container-content\">\n<div id=\"comp-l9t0p1pm5\" class=\"KcpHeO tz5f0K comp-l9t0p1pm5 wixui-text\" data-testid=\"richTextElement\">\n<p class=\"font_7\"><span style=\"color: #4582b0;\"><strong><span class=\"color_18\">El museo virtual <\/span><\/strong><\/span>tiene como objetivo hacer accesible la historia de la inmigraci\u00f3n a quienes no pueden visitar el museo en persona y, asimismo, ofrece experiencias distintas. Si\u00e9ntese en su sill\u00f3n y escuche viejas canciones de tango o programas de radio; haga una caminata y visite los monumentos construidos por los inmigrantes en Buenos Aires; escuche podcasts mientras maneja su auto. Este espacio virtual ha sido creado por los esfuerzos colaborativos de dos docenas de investigadores en Argentina, Norteam\u00e9rica, y Europa, y es apoyado por la Universidad de la Columbia Brit\u00e1nica, el Centro de las Humanidades de UBC, los Museos de la Universidad Nacional Tres de Febrero, y el Consejo de Investigaci\u00f3n de Ciencias Sociales y Humanidades de Canad\u00e1.<\/p>\n<\/div>\n<\/div>\n<\/div>\n<\/div>\n<\/div>\n\n\n<div style=\"height:60px\" aria-hidden=\"true\" class=\"wp-block-spacer\"><\/div>\n\n\n\n<div class=\"wp-block-group alignwide has-global-padding is-content-justification-left is-layout-constrained wp-container-core-group-is-layout-12dd3699 wp-block-group-is-layout-constrained\">\n<h5 class=\"wp-block-heading has-primary-color has-text-color\">VISITE NUESTRAS SALAS DE EXPOSICI\u00d3N<\/h5>\n<\/div>\n\n\n\n<div class=\"wp-block-group alignwide has-global-padding is-layout-constrained wp-container-core-group-is-layout-4383d167 wp-block-group-is-layout-constrained\">\n<div class=\"wp-block-group alignwide tiles-grid-home has-global-padding is-layout-constrained wp-block-group-is-layout-constrained\"><div class=\"gb-container gb-container-1d23abf6 hover-box\"><div class=\"gb-inside-container\">\n<div class=\"gb-container gb-container-5babd92e hover-box-inside\"><div class=\"gb-inside-container\">\n\n<h4 class=\"gb-headline gb-headline-041d1e33 gb-headline-text\"><a href=\"https:\/\/bridgetoargentina.com\/es\/blog-del-curador\/\" data-type=\"page\" data-id=\"457\">Blog del Curador<br>\u00bfQu\u00e9 hay de nuevo en el Museo de la Inmigraci\u00f3n?<\/a><\/h4>\n\n<\/div><\/div>\n<\/div><\/div>\n\n<div class=\"gb-container gb-container-14fec114 hover-box\"><div class=\"gb-inside-container\">\n<div class=\"gb-container gb-container-38928f35 hover-box-inside\"><div class=\"gb-inside-container\">\n\n<h4 class=\"gb-headline gb-headline-df541ef6 gb-headline-text\"><a href=\"https:\/\/bridgetoargentina.com\/es\/este-dia-en-la-historia\/\" data-type=\"page\" data-id=\"476\">Este d\u00eda en la historia<\/a><\/h4>\n\n<\/div><\/div>\n<\/div><\/div>\n\n<div class=\"gb-container gb-container-2974a023 hover-box\"><div class=\"gb-inside-container\">\n<div class=\"gb-container gb-container-b97a52c8 hover-box-inside\"><div class=\"gb-inside-container\">\n\n<h4 class=\"gb-headline gb-headline-96771eb6 gb-headline-text\"><a href=\"https:\/\/bridgetoargentina.com\/es\/paseo-por-buenos-aires\/\" data-type=\"page\" data-id=\"658\">Paseo por Buenos Aires<\/a><\/h4>\n\n<\/div><\/div>\n<\/div><\/div>\n\n<div class=\"gb-container gb-container-11989689 hover-box\"><div class=\"gb-inside-container\">\n<div class=\"gb-container gb-container-244333f3 hover-box-inside\"><div class=\"gb-inside-container\">\n\n<h4 class=\"gb-headline gb-headline-bef78a15 gb-headline-text\"><a href=\"https:\/\/bridgetoargentina.com\/es\/podcast\/\" data-type=\"page\" data-id=\"399\">Podcasts<\/a><\/h4>\n\n<\/div><\/div>\n<\/div><\/div><\/div>\n<\/div>\n\n\n\n<div class=\"wp-block-group alignwide has-global-padding is-content-justification-left is-layout-constrained wp-container-core-group-is-layout-4b7e6e6e wp-block-group-is-layout-constrained\">\n<p class=\"has-text-align-left has-gris-color has-text-color has-small-font-size\"><strong>Cr\u00e9ditos de fotos, gracias a:<\/strong> Migrantes: Archivo General de la Naci\u00f3n | Relojes: Foto de <a rel=\"noreferrer noopener nofollow\" href=\"https:\/\/unsplash.com\/@jontyson?utm_source=unsplash&amp;utm_medium=referral&amp;utm_content=creditCopyText\" target=\"_blank\">Jon Tyson<\/a> en <a rel=\"noreferrer noopener nofollow\" href=\"https:\/\/unsplash.com\/es\/s\/fotos\/jon-tyson-clocks?utm_source=unsplash&amp;utm_medium=referral&amp;utm_content=creditCopyText\" target=\"_blank\">Unsplash<\/a> | M\u00e1quina de escribir: Foto de <a rel=\"noreferrer noopener nofollow\" href=\"https:\/\/unsplash.com\/@retrosupply?utm_source=unsplash&amp;utm_medium=referral&amp;utm_content=creditCopyText\" target=\"_blank\">RetroSupply<\/a> en <a rel=\"noreferrer noopener nofollow\" href=\"https:\/\/unsplash.com\/es?utm_source=unsplash&amp;utm_medium=referral&amp;utm_content=creditCopyText\" target=\"_blank\">Unsplash<\/a>| Radios: Foto de <a rel=\"noreferrer noopener nofollow\" href=\"https:\/\/unsplash.com\/@rod_fromthe_guad?utm_source=unsplash&amp;utm_medium=referral&amp;utm_content=creditCopyText\" target=\"_blank\">Rod Flores<\/a> en <a rel=\"noreferrer noopener nofollow\" href=\"https:\/\/unsplash.com\/es?utm_source=unsplash&amp;utm_medium=referral&amp;utm_content=creditCopyText\" target=\"_blank\">Unsplash<\/a> | Equipaje: Foto de <a rel=\"noreferrer noopener nofollow\" href=\"https:\/\/unsplash.com\/@erwanhesry?utm_source=unsplash&amp;utm_medium=referral&amp;utm_content=creditCopyText\" target=\"_blank\">Erwan Hesry<\/a> en <a rel=\"noreferrer noopener nofollow\" href=\"https:\/\/unsplash.com\/es\/s\/fotos\/erwan-hesry-luggage?utm_source=unsplash&amp;utm_medium=referral&amp;utm_content=creditCopyText\" target=\"_blank\">Unsplash<\/a><\/p>\n<\/div>\n\n\n\n<div style=\"height:60px\" aria-hidden=\"true\" class=\"wp-block-spacer\"><\/div>\n\n\n<div class=\"gb-container gb-container-2ee58c0a alignfull\"><div class=\"gb-inside-container\">\n\n<blockquote class=\"wp-block-quote has-text-align-right is-layout-flow wp-block-quote-is-layout-flow\">\n<p class=\"has-text-align-center\">\u201cEl extranjero no s\u00f3lo es el otro, nosotros mismos fuimos o lo seremos, ayer o ma\u00f1ana al albur de un destino incierto: cada uno de nosotros es un extranjero en potencia.\u201d<\/p>\n<cite>TZVETAN TODOROV<\/cite><\/blockquote>\n\n<\/div><\/div>\n\n\n<div class=\"wp-block-group alignfull mt-0 become-involved has-base-color has-contrast-background-color has-text-color has-background has-global-padding is-layout-constrained wp-container-core-group-is-layout-aafaaee5 wp-block-group-is-layout-constrained\" style=\"padding-top:var(--wp--preset--spacing--60);padding-right:var(--wp--preset--spacing--40);padding-bottom:var(--wp--preset--spacing--60);padding-left:var(--wp--preset--spacing--40)\">\n<div class=\"wp-block-columns is-layout-flex wp-container-core-columns-is-layout-28f84493 wp-block-columns-is-layout-flex\">\n<div class=\"wp-block-column is-layout-flow wp-block-column-is-layout-flow\">\n<h3 class=\"wp-block-heading\">Involucrarse<br><\/h3>\n<\/div>\n\n\n\n<div class=\"wp-block-column is-layout-flow wp-block-column-is-layout-flow\">\n<div class=\"\" data-mesh-id=\"comp-la71er6e4inlineContent\" data-testid=\"inline-content\">\n<div data-mesh-id=\"comp-la71er6e4inlineContent-gridContainer\" data-testid=\"mesh-container-content\">\n<div id=\"comp-l9x2gtd6\" class=\"KcpHeO tz5f0K comp-l9x2gtd6 wixui-text\" data-testid=\"richTextElement\">\n<p class=\"font_7\">Para involucrase en el proyecto, contacte al Dr. Benjamin Bryce, Universidad de la Columbia Brit\u00e1nica.<br><span class=\"color_16\" style=\"color: #5097cc;\"><a style=\"color: #5097cc;\" href=\"mailto:ben.bryce@ubc.ca\" target=\"_self\" rel=\"noopener\">ben.bryce@ubc.ca<\/a><\/span><\/p>\n<\/div>\n<\/div>\n<\/div>\n<\/div>\n<\/div>\n<\/div>\n\n\n\n<div class=\"wp-block-group alignfull has-global-padding is-content-justification-left is-layout-constrained wp-container-core-group-is-layout-acbdf4ad wp-block-group-is-layout-constrained\" style=\"padding-top:var(--wp--preset--spacing--40);padding-right:0;padding-bottom:var(--wp--preset--spacing--60);padding-left:0\">\n<div class=\"wp-block-group alignwide has-global-padding is-layout-constrained wp-container-core-group-is-layout-a666d811 wp-block-group-is-layout-constrained\" style=\"padding-top:var(--wp--preset--spacing--40);padding-right:var(--wp--preset--spacing--40);padding-bottom:var(--wp--preset--spacing--40);padding-left:var(--wp--preset--spacing--40)\">\n<div class=\"wp-block-group alignwide is-nowrap is-layout-flex wp-container-core-group-is-layout-6c531013 wp-block-group-is-layout-flex\">\n<figure class=\"wp-block-image size-full\"><a href=\"https:\/\/www.sshrc-crsh.gc.ca\/home-accueil-eng.aspx\" target=\"_blank\" rel=\"noreferrer noopener nofollow\"><img loading=\"lazy\" decoding=\"async\" width=\"600\" height=\"34\" src=\"http:\/\/bridgetoargentina.com\/wp-content\/uploads\/2023\/02\/CRSHC.webp\" alt=\"\" class=\"wp-image-164\"\/><\/a><\/figure>\n<\/div>\n<\/div>\n\n\n\n<hr class=\"wp-block-separator has-alpha-channel-opacity is-style-wide\" style=\"margin-top:0;margin-bottom:0\"\/>\n\n\n\n<div class=\"wp-block-group mt-0 has-global-padding is-layout-constrained wp-container-core-group-is-layout-a666d811 wp-block-group-is-layout-constrained\" style=\"padding-top:var(--wp--preset--spacing--40);padding-right:var(--wp--preset--spacing--40);padding-bottom:var(--wp--preset--spacing--40);padding-left:var(--wp--preset--spacing--40)\">\n<div class=\"wp-block-group alignwide is-nowrap is-layout-flex wp-container-core-group-is-layout-6c531013 wp-block-group-is-layout-flex\">\n<figure class=\"wp-block-image size-full\"><a href=\"https:\/\/untref.edu.ar\/muntref\/es\/\" target=\"_blank\" rel=\"noreferrer noopener nofollow\"><img loading=\"lazy\" decoding=\"async\" width=\"148\" height=\"72\" src=\"http:\/\/bridgetoargentina.com\/wp-content\/uploads\/2023\/02\/logo-muntref-2016.webp\" alt=\"\" class=\"wp-image-165\"\/><\/a><\/figure>\n\n\n\n<figure class=\"wp-block-image size-full ml-40\"><a href=\"https:\/\/www.ubc.ca\/\" target=\"_blank\" rel=\"noreferrer noopener nofollow\"><img loading=\"lazy\" decoding=\"async\" width=\"350\" height=\"72\" src=\"http:\/\/bridgetoargentina.com\/wp-content\/uploads\/2023\/02\/5NarrowLogo_ex_768.webp\" alt=\"\" class=\"wp-image-166\"\/><\/a><\/figure>\n<\/div>\n<\/div>\n\n\n\n<div style=\"height:40px\" aria-hidden=\"true\" class=\"wp-block-spacer\"><\/div>\n<\/div>\n","protected":false},"excerpt":{"rendered":"<p>Puente a Argentina. Un museo virtual en colaboraci\u00f3n con el Museo de la Inmigraci\u00f3n de Buenos Aires. Presentamos investigaciones acad\u00e9micas al p\u00fablico a trav\u00e9s de exposiciones interactivas, medios digitales e historias diversas. VISITE NUESTRA EXPOSICI\u00d3N PRINCIPAL &nbsp; &nbsp; El museo virtual tiene como objetivo hacer accesible la historia de la inmigraci\u00f3n a quienes no pueden [&hellip;]<\/p>\n","protected":false},"author":1,"featured_media":0,"parent":0,"menu_order":0,"comment_status":"closed","ping_status":"closed","template":"fullwidth-menu-footer","meta":{"footnotes":""},"class_list":["post-1090","page","type-page","status-publish","hentry"],"_links":{"self":[{"href":"https:\/\/bridgetoargentina.com\/es\/wp-json\/wp\/v2\/pages\/1090","targetHints":{"allow":["GET"]}}],"collection":[{"href":"https:\/\/bridgetoargentina.com\/es\/wp-json\/wp\/v2\/pages"}],"about":[{"href":"https:\/\/bridgetoargentina.com\/es\/wp-json\/wp\/v2\/types\/page"}],"author":[{"embeddable":true,"href":"https:\/\/bridgetoargentina.com\/es\/wp-json\/wp\/v2\/users\/1"}],"replies":[{"embeddable":true,"href":"https:\/\/bridgetoargentina.com\/es\/wp-json\/wp\/v2\/comments?post=1090"}],"version-history":[{"count":12,"href":"https:\/\/bridgetoargentina.com\/es\/wp-json\/wp\/v2\/pages\/1090\/revisions"}],"predecessor-version":[{"id":1224,"href":"https:\/\/bridgetoargentina.com\/es\/wp-json\/wp\/v2\/pages\/1090\/revisions\/1224"}],"wp:attachment":[{"href":"https:\/\/bridgetoargentina.com\/es\/wp-json\/wp\/v2\/media?parent=1090"}],"curies":[{"name":"wp","href":"https:\/\/api.w.org\/{rel}","templated":true}]}}